{"id":1804,"date":"2018-03-25T18:58:43","date_gmt":"2018-03-25T18:58:43","guid":{"rendered":"https:\/\/deutschlandwirtschaft.de\/?page_id=1804"},"modified":"2018-04-20T11:33:12","modified_gmt":"2018-04-20T11:33:12","slug":"crowd-funding-2","status":"publish","type":"page","link":"https:\/\/www.raychacon.com\/?page_id=1804","title":{"rendered":"Kompetenzen \/ Immobilien"},"content":{"rendered":"<p><div class=\"fusion-fullwidth fullwidth-box nonhundred-percent-fullwidth non-hundred-percent-height-scrolling\"  style='background-color: rgba(255,255,255,0);background-position: left top;background-repeat: no-repeat;padding-top:0px;padding-right:0px;padding-bottom:10px;padding-left:0px;margin-bottom: 4%;margin-top: 3%;border-top-width:0px;border-bottom-width:0px;border-color:#eae9e9;border-top-style:solid;border-bottom-style:solid;'><div class=\"fusion-builder-row fusion-row \"><div  class=\"fusion-layout-column fusion_builder_column fusion_builder_column_1_1  fusion-one-full fusion-column-first fusion-column-last 1_1\"  style='margin-top:0px;margin-bottom:0px;'>\n\t\t\t\t\t<div class=\"fusion-column-wrapper\" style=\"padding: 0px 2% 0px 2%;background-position:left top;background-repeat:no-repeat;-webkit-background-size:cover;-moz-background-size:cover;-o-background-size:cover;background-size:cover;\"  data-bg-url=\"\">\n\t\t\t\t\t\t<div class=\"fusion-column-content-centered\"><div class=\"fusion-column-content\"><div class=\"fusion-text\"><h3 style=\"font-size: 22px; text-align: center; color: #ef7f01;\">UNTERNEHMENSBERATUNG F\u00dcR DIE GEWERBLICHE IMMOBILIEN &#8211; WIRTSCHAFT<\/h3>\n<\/div><div class=\"fusion-sep-clear\"><\/div><div class=\"fusion-separator sep-single sep-solid\" style=\"border-color:#213d65;border-top-width:2px;margin-left: auto;margin-right: auto;margin-top:0px;margin-bottom:35px;width:100%;max-width:100px;\"><\/div><div class=\"fusion-text\"><p style=\"text-align: center;\">Die Raychacon ist Ihr Spezialist f\u00fcr die Unternehmensberatung der gewerblichen Immobilienwirtschaft. Der Schwerpunkt liegt in der Optimierung und Revitalisierung von Immobilien mit der Zielsetzung, die Rentabilit\u00e4t langfristig sicherzustellen bzw. zu steigern.<\/p>\n<\/div><div class=\"fusion-sep-clear\"><\/div><div class=\"fusion-separator fusion-full-width-sep sep-none\" style=\"margin-left: auto;margin-right: auto;margin-top:20px;\"><\/div><\/div><\/div><div class=\"fusion-clearfix\"><\/div>\n\n\t\t\t\t\t<\/div>\n\t\t\t\t<\/div><div  class=\"fusion-layout-column fusion_builder_column fusion_builder_column_1_1  fusion-one-full fusion-column-first fusion-column-last 1_1\"  style='margin-top:0px;margin-bottom:0px;'>\n\t\t\t\t\t<div class=\"fusion-column-wrapper\" style=\"padding: 0px 2% 0px 2%;background-position:left top;background-repeat:no-repeat;-webkit-background-size:cover;-moz-background-size:cover;-o-background-size:cover;background-size:cover;\"  data-bg-url=\"\">\n\t\t\t\t\t\t<div class=\"fusion-column-content-centered\"><div class=\"fusion-column-content\"><div class=\"fusion-text\"><h4 style=\"text-align: center; color: #ef7f01;\">Unternehmensberatung f\u00fcr Handelsunternehmen und Immobilienbestandshalter im Allgemeinen<\/h4>\n<\/div><div class=\"fusion-sep-clear\"><\/div><div class=\"fusion-separator sep-single sep-solid\" style=\"border-color:#213d65;border-top-width:2px;margin-left: auto;margin-right: auto;margin-top:0px;margin-bottom:35px;width:100%;max-width:100px;\"><\/div><div class=\"fusion-text\"><ul>\n<li style=\"text-align: left;\">Optimierung von bestehenden Filialstandorten bzw. dem bestehenden\/geplanten Filialnetz<\/li>\n<li style=\"text-align: left;\">umfassende Standortanalysen gem\u00e4\u00df selbst entwickeltem, bew\u00e4hrtem Verfahren<\/li>\n<li style=\"text-align: left;\">Erarbeitung von L\u00f6sungsans\u00e4tzen zur langfristigen Verbesserung des Ergebnisses, prim\u00e4r aus immobilienwirtschaftlicher und auch aus gesamtunternehmerischer Sicht.<\/li>\n<li style=\"text-align: left;\">Umsetzung des erarbeiteten Konzepts in Abstimmung mit der betroffenen Fachabteilung bzw. der Unternehmensleitung<\/li>\n<\/ul>\n<p style=\"padding-left: 30px;\">Wir stellen praxisnahe und umsetzbare L\u00f6sungen sicher.<\/p>\n<\/div><div class=\"fusion-sep-clear\"><\/div><div class=\"fusion-separator fusion-full-width-sep sep-none\" style=\"margin-left: auto;margin-right: auto;margin-top:20px;\"><\/div><\/div><\/div><div class=\"fusion-clearfix\"><\/div>\n\n\t\t\t\t\t<\/div>\n\t\t\t\t<\/div><div  class=\"fusion-layout-column fusion_builder_column fusion_builder_column_1_1  fusion-one-full fusion-column-first fusion-column-last 1_1\"  style='margin-top:0px;margin-bottom:0px;'>\n\t\t\t\t\t<div class=\"fusion-column-wrapper\" style=\"padding: 0px 2% 0px 2%;background-position:left top;background-repeat:no-repeat;-webkit-background-size:cover;-moz-background-size:cover;-o-background-size:cover;background-size:cover;\"  data-bg-url=\"\">\n\t\t\t\t\t\t<div class=\"fusion-column-content-centered\"><div class=\"fusion-column-content\"><div class=\"fusion-text\"><h4 style=\"text-align: center; color: #ef7f01;\">Unternehmensberatung f\u00fcr Eigent\u00fcmer von kleinen und gro\u00dfen Immobilienbest\u00e4nden (500 m\u00b2 &#8211; 100.000 m\u00b2 Mietfl\u00e4che)<\/h4>\n<\/div><div class=\"fusion-sep-clear\"><\/div><div class=\"fusion-separator sep-single sep-solid\" style=\"border-color:#213d65;border-top-width:2px;margin-left: auto;margin-right: auto;margin-top:0px;margin-bottom:35px;width:100%;max-width:100px;\"><\/div><div class=\"fusion-text\"><ul>\n<li>Entlarvung bislang unentdeckter\/ungenutzter stiller Reserven<\/li>\n<li>bilanztechnische Aufbereitung mit der Zielsetzung, Rating\/Finanzierungskonditionen zu optimieren<\/li>\n<li>Hebung stiller Reserven<\/li>\n<li>Einf\u00fchrung eines operativ t\u00e4tigen und professionellen Immobilienmanagements<\/li>\n<li>Analyse der Nebenkostensituation und Empfehlungen zur Optimierung<\/li>\n<li>Marktanalyse aus finanzpolitischer und immobilienwirtschaftlicher Sicht mit entsprechender Empfehlung<\/li>\n<li>Erstellung finanzmathematischer Berechnungen<\/li>\n<li>Empfehlungen zur strategischen Unternehmensausrichtung aus immobilienwirtschaftlicher Sicht<\/li>\n<li>auf Wunsch: Aufbereitung der Gesamtanalyse und Empfehlung als Expertise<\/li>\n<li>100%-ige Integrit\u00e4t auch bereits im Vorgespr\u00e4ch<\/li>\n<li>Bearbeitung durch ein schlagkr\u00e4ftiges Team, unter Einbeziehung s\u00e4mtlicher Unternehmensbereiche.<\/li>\n<\/ul>\n<p style=\"padding-left: 30px;\">Wir stellen praxisnahe und umsetzbare L\u00f6sungen sicher.<\/p>\n<p style=\"padding-left: 30px;\">Bei Beauftragung gro\u00dfer, komplexer Immobilienbest\u00e4nde ist eine Bearbeitung in Abh\u00e4ngigkeit von den zur Verf\u00fcgung stehenden Kapazit\u00e4tsreserven abh\u00e4ngig, um die f\u00fcr uns \u00fcblichen Qualit\u00e4tskriterien sicherstellen zu k\u00f6nnen.<\/p>\n<\/div><div class=\"fusion-sep-clear\"><\/div><div class=\"fusion-separator fusion-full-width-sep sep-none\" style=\"margin-left: auto;margin-right: auto;margin-top:20px;\"><\/div><\/div><\/div><div class=\"fusion-clearfix\"><\/div>\n\n\t\t\t\t\t<\/div>\n\t\t\t\t<\/div><div  class=\"fusion-layout-column fusion_builder_column fusion_builder_column_1_1  fusion-one-full fusion-column-first fusion-column-last 1_1\"  style='margin-top:0px;margin-bottom:0px;'>\n\t\t\t\t\t<div class=\"fusion-column-wrapper\" style=\"padding: 0px 2% 0px 2%;background-position:left top;background-repeat:no-repeat;-webkit-background-size:cover;-moz-background-size:cover;-o-background-size:cover;background-size:cover;\"  data-bg-url=\"\">\n\t\t\t\t\t\t<div class=\"fusion-column-content-centered\"><div class=\"fusion-column-content\"><div class=\"fusion-text\"><h4 style=\"text-align: center; color: #ef7f01;\">PLANUNG UND REALISIERUNG VON HANDELSIMMOBILIEN<\/h4>\n<\/div><div class=\"fusion-sep-clear\"><\/div><div class=\"fusion-separator sep-single sep-solid\" style=\"border-color:#213d65;border-top-width:2px;margin-left: auto;margin-right: auto;margin-top:0px;margin-bottom:35px;width:100%;max-width:100px;\"><\/div><div class=\"fusion-text\"><p>Als Unternehmensberatung mit au\u00dferordentlicher Expertise sorgen wir gegebenenfalls unter Einbeziehung jeweils spezialisierter Architekten- und Planungsb\u00fcros f\u00fcr Planungs- und Kostensicherheit bei s\u00e4mtlichen Bauvorhaben.<\/p>\n<ul>\n<li>Planung und Realisierung<\/li>\n<li>Pr\u00fcfung des Grundst\u00fccks in Hinblick auf m\u00f6gliche Bebaubarkeit aus technischer und baurechtlicher Sicht<\/li>\n<li>Entwicklung von Nutzungskonzepten in Abstimmung mit potentiellen Mietern<\/li>\n<li>Kostensch\u00e4tzung und -ermittlung f\u00fcr Neu- und Umbauprojekte<\/li>\n<li>Fertigung von Bauantr\u00e4gen in enger Abstimmung mit s\u00e4mtlichen Beteiligten<\/li>\n<li>\u00dcberwachung und Steuerung s\u00e4mtlicher Planungsprozesse<\/li>\n<li>Koordination und \u00dcberwachung der Realisierungsphase<\/li>\n<li>schl\u00fcsselfertige Umsetzung von Bauvorhaben<\/li>\n<li>Objekt\u00fcbergabe an Mieter und Investoren<\/li>\n<\/ul>\n<\/div><div class=\"fusion-sep-clear\"><\/div><div class=\"fusion-separator fusion-full-width-sep sep-none\" style=\"margin-left: auto;margin-right: auto;margin-top:20px;\"><\/div><\/div><\/div><div class=\"fusion-clearfix\"><\/div>\n\n\t\t\t\t\t<\/div>\n\t\t\t\t<\/div><div  class=\"fusion-layout-column fusion_builder_column fusion_builder_column_1_1  fusion-one-full fusion-column-first fusion-column-last 1_1\"  style='margin-top:0px;margin-bottom:0px;'>\n\t\t\t\t\t<div class=\"fusion-column-wrapper\" style=\"padding: 0px 2% 0px 2%;background-position:left top;background-repeat:no-repeat;-webkit-background-size:cover;-moz-background-size:cover;-o-background-size:cover;background-size:cover;\"  data-bg-url=\"\">\n\t\t\t\t\t\t<div class=\"fusion-column-content-centered\"><div class=\"fusion-column-content\"><div class=\"fusion-text\"><h4 style=\"text-align: center; color: #ef7f01;\">VERMIETUNG UND VERKAUF VON HANDELSIMMOBILIEN<\/h4>\n<\/div><div class=\"fusion-sep-clear\"><\/div><div class=\"fusion-separator sep-single sep-solid\" style=\"border-color:#213d65;border-top-width:2px;margin-left: auto;margin-right: auto;margin-top:0px;margin-bottom:35px;width:100%;max-width:100px;\"><\/div><div class=\"fusion-text\"><p>Ihr Spezialist f\u00fcr die An- und Verkaufsvermittlung Ihrer Handelsimmobilie sowie deren Vermietung.<br \/>\nAufgrund der vielf\u00e4ltigen Aktivit\u00e4ten in Zusammenhang mit der laufenden Optimierung und Revitalisierung des Eigenportfoliobestandes kombiniert mit h\u00e4ufiger Nachfrage am Markt, hat sich rasch eine \u00d6ffnung der Gesellschaft gegen\u00fcber Dritten ergeben.<\/p>\n<p>Das Leistungsspektrum umfasst:<\/p>\n<ul>\n<li>Pr\u00fcfung Ankauf von Handelsimmobilien\n<ul>\n<li>f\u00fcr den Eigenbestand<\/li>\n<li>f\u00fcr Dritte<\/li>\n<\/ul>\n<\/li>\n<li>Vermittlung von Handelsimmobilien f\u00fcr Dritte<\/li>\n<li>Verkauf von Handelsimmobilien\n<ul>\n<li>aus dem Eigenbestand<\/li>\n<li>f\u00fcr Dritte<\/li>\n<\/ul>\n<\/li>\n<li>Vermietung von Handelsimmobilien<\/li>\n<li>Vermietung von Neuentwicklungen im Bereich Handels- und Dienstleistungsimmobilien<\/li>\n<li>Vermietung von Leerstandsfl\u00e4chen f\u00fcr Handels- und Dienstleistungsimmobilien<\/li>\n<li>Vermittlung von Gewerbeimmobilien bzw. gewerblich gepr\u00e4gten Grundst\u00fccken<\/li>\n<li>Erstellung von Standort-, Wettbewerbs- und Potentialanalysen f\u00fcr Immobilienank\u00e4ufer\/-verk\u00e4ufer zur Absicherung der Nachhaltigkeit aus Betreibersicht<\/li>\n<\/ul>\n<\/div><div class=\"fusion-sep-clear\"><\/div><div class=\"fusion-separator fusion-full-width-sep sep-none\" style=\"margin-left: auto;margin-right: auto;margin-top:20px;\"><\/div><\/div><\/div><div class=\"fusion-clearfix\"><\/div>\n\n\t\t\t\t\t<\/div>\n\t\t\t\t<\/div><div  class=\"fusion-layout-column fusion_builder_column fusion_builder_column_1_1  fusion-one-full fusion-column-first fusion-column-last 1_1\"  style='margin-top:0px;margin-bottom:0px;'>\n\t\t\t\t\t<div class=\"fusion-column-wrapper\" style=\"padding: 0px 2% 0px 2%;background-position:left top;background-repeat:no-repeat;-webkit-background-size:cover;-moz-background-size:cover;-o-background-size:cover;background-size:cover;\"  data-bg-url=\"\">\n\t\t\t\t\t\t<div class=\"fusion-column-content-centered\"><div class=\"fusion-column-content\"><div class=\"fusion-text\"><h4 style=\"text-align: center; color: #ef7f01;\">GUTACHTERLICHE STELLUNGSNAHMEN\/BEWERTUNG<\/h4>\n<\/div><div class=\"fusion-sep-clear\"><\/div><div class=\"fusion-separator sep-single sep-solid\" style=\"border-color:#213d65;border-top-width:2px;margin-left: auto;margin-right: auto;margin-top:0px;margin-bottom:35px;width:100%;max-width:100px;\"><\/div><div class=\"fusion-text\"><ul>\n<li>Im Rahmen der Erstellung von gutachterlichen Stellungnahmen bzw. Bewertungen stehen wir dem Eigent\u00fcmer bzw. Investor einer Handelsimmobilie zur Seite.<\/li>\n<li>Die Immobilien werden nach aktuellen internationalen Bewertungsma\u00dfst\u00e4ben begutachtet, wobei insbesondere die Bewertung unter Ber\u00fccksichtigung einer nachhaltigen Vermietbarkeit und den damit erzielbaren Mieteink\u00fcnften vorgenommen wird.<\/li>\n<li>Erkenntnisse aus der Standortanalyse sowie aus dem Know-how bundesweit angesiedelter Handelsimmobilien und deren Vermietungen flie\u00dfen in die Bewertung bzw. gutachterliche Stellungnahme ein.<\/li>\n<\/ul>\n<p>Gerne erarbeiten wir f\u00fcr Sie eine individuelle L\u00f6sung.<br \/>\nWir freuen uns auf ein unverbindliches pers\u00f6nliches Gespr\u00e4ch mit Ihnen, in dem wir gerne gemeinsam eine ma\u00dfgeschneiderte L\u00f6sung f\u00fcr Ihr Anliegen erarbeiten.<br \/>\nProfitieren Sie zus\u00e4tzlich von unserer engen Zusammenarbeit mit anderen Spezialisten der und unseren Kooperationspartnern.<\/p>\n<\/div><div class=\"fusion-sep-clear\"><\/div><div class=\"fusion-separator fusion-full-width-sep sep-none\" style=\"margin-left: auto;margin-right: auto;margin-top:20px;\"><\/div><\/div><\/div><div class=\"fusion-clearfix\"><\/div>\n\n\t\t\t\t\t<\/div>\n\t\t\t\t<\/div><\/div><\/div><div class=\"fusion-fullwidth fullwidth-box hundred-percent-fullwidth non-hundred-percent-height-scrolling fusion-equal-height-columns\"  style='background-color: #ffffff;background-position: left top;background-repeat: no-repeat;padding-top:0px;padding-right:0px;padding-bottom:0px;padding-left:0px;border-top-width:0px;border-bottom-width:0px;border-color:#eae9e9;border-top-style:solid;border-bottom-style:solid;'><div class=\"fusion-builder-row fusion-row \"><div  class=\"fusion-layout-column fusion_builder_column fusion_builder_column_1_1  fusion-one-full fusion-column-first fusion-column-last fusion-blend-mode fusion-column-inner-bg-wrapper 1_1\"  style='margin-top:0px;margin-bottom:0px;'>\n\t\t\t\t\t<div class=\"fusion-column-wrapper\" style=\"padding: 16% 16% 9% 16%;\" data-bg-url=\"\">\n\t\t\t\t\t\t<div class=\"fusion-column-content-centered\"><div class=\"fusion-column-content\"><div class=\"fusion-content-boxes content-boxes columns row fusion-columns-1 fusion-columns-total-1 fusion-content-boxes-1 content-boxes-icon-on-top content-left\" data-animationOffset=\"100%\" style=\"margin-top:0px;margin-bottom:20px;\"><style type=\"text\/css\" scoped=\"scoped\">.fusion-content-boxes-1 .heading h2{color:#213d65;}\n\t\t\t\t\t.fusion-content-boxes-1 .fusion-content-box-hover .link-area-link-icon-hover .heading h2,\n\t\t\t\t\t.fusion-content-boxes-1 .fusion-content-box-hover .link-area-link-icon-hover .heading .heading-link h2,\n\t\t\t\t\t.fusion-content-boxes-1 .fusion-content-box-hover .link-area-box-hover .heading h2,\n\t\t\t\t\t.fusion-content-boxes-1 .fusion-content-box-hover .link-area-box-hover .heading .heading-link h2,\n\t\t\t\t\t.fusion-content-boxes-1 .fusion-content-box-hover .link-area-link-icon-hover.link-area-box .fusion-read-more,\n\t\t\t\t\t.fusion-content-boxes-1 .fusion-content-box-hover .link-area-link-icon-hover.link-area-box .fusion-read-more::after,\n\t\t\t\t\t.fusion-content-boxes-1 .fusion-content-box-hover .link-area-link-icon-hover.link-area-box .fusion-read-more::before,\n\t\t\t\t\t.fusion-content-boxes-1 .fusion-content-box-hover .fusion-read-more:hover:after,\n\t\t\t\t\t.fusion-content-boxes-1 .fusion-content-box-hover .fusion-read-more:hover:before,\n\t\t\t\t\t.fusion-content-boxes-1 .fusion-content-box-hover .fusion-read-more:hover,\n\t\t\t\t\t.fusion-content-boxes-1 .fusion-content-box-hover .link-area-box-hover.link-area-box .fusion-read-more,\n\t\t\t\t\t.fusion-content-boxes-1 .fusion-content-box-hover .link-area-box-hover.link-area-box .fusion-read-more::after,\n\t\t\t\t\t.fusion-content-boxes-1 .fusion-content-box-hover .link-area-box-hover.link-area-box .fusion-read-more::before,\n\t\t\t\t\t.fusion-content-boxes-1 .fusion-content-box-hover .link-area-link-icon-hover .icon .circle-no,\n\t\t\t\t\t.fusion-content-boxes-1 .heading .heading-link:hover .content-box-heading {\n\t\t\t\t\t\tcolor: #ef7f01;\n\t\t\t\t\t}\n\t\t\t\t\t.fusion-content-boxes-1 .fusion-content-box-hover .link-area-box-hover .icon .circle-no {\n\t\t\t\t\t\tcolor: #ef7f01 !important;\n\t\t\t\t\t}.fusion-content-boxes-1 .fusion-content-box-hover .link-area-box.link-area-box-hover .fusion-content-box-button {background: #ef7f01;color: #ffffff;}.fusion-content-boxes-1 .fusion-content-box-hover .link-area-box.link-area-box-hover .fusion-content-box-button .fusion-button-text {color: #ffffff;}\n\t\t\t\t\t.fusion-content-boxes-1 .fusion-content-box-hover .link-area-link-icon-hover .heading .icon > span {\n\t\t\t\t\t\tbackground-color: #ef7f01 !important;\n\t\t\t\t\t}\n\t\t\t\t\t.fusion-content-boxes-1 .fusion-content-box-hover .link-area-box-hover .heading .icon > span {\n\t\t\t\t\t\tborder-color: #ef7f01 !important;\n\t\t\t\t\t}<\/style><div class=\"fusion-column content-box-column content-box-column content-box-column-1 col-lg-12 col-md-12 col-sm-12 fusion-content-box-hover  content-box-column-last content-box-column-last-in-row\"><div class=\"col content-wrapper link-area-box icon-hover-animation-fade\" style=\"background-color:rgba(255,255,255,0);\" data-animationOffset=\"100%\"><div class=\"heading heading-with-icon icon-left\"><div class=\"icon\"><i style=\"background-color:transparent;border-color:transparent;height:auto;width: 70px;line-height:normal;color:#ef7f01;font-size:70px;\" class=\"fa fontawesome-icon fa-sitemap circle-no\"><\/i><\/div><h2 class=\"content-box-heading\" style=\"font-size:26px;line-height:31px;\">Unsere Aufgaben!<\/h2><\/div><div class=\"fusion-clearfix\"><\/div><div class=\"content-container\" style=\"color:#808080;\">\n<ul style=\"list-style-type: none;\">\n<li>Kleinen und mittleren Unternehmen die volkswirtschaftliche Abteilung ersetzen,<\/li>\n<li>Gro\u00dfen Unternehmen wichtige Zusatzinformationen liefern,<\/li>\n<li>Kapitalanleger seri\u00f6s und umfassend beraten<\/li>\n<li>Chancen und Risiken erkennen und benennen,<\/li>\n<li>Tipps, Empfehlungen und Referenzen geben.<\/li>\n<\/ul>\n<\/div><\/div><\/div><style type=\"text\/css\" scoped=\"scoped\">\n\t\t\t\t\t\t.fusion-content-boxes-1 .fusion-content-box-hover .heading-link:hover .icon i.circle-yes,\n\t\t\t\t\t\t.fusion-content-boxes-1 .fusion-content-box-hover .link-area-box:hover .heading-link .icon i.circle-yes,\n\t\t\t\t\t\t.fusion-content-boxes-1 .fusion-content-box-hover .link-area-link-icon-hover .heading .icon i.circle-yes,\n\t\t\t\t\t\t.fusion-content-boxes-1 .fusion-content-box-hover .link-area-box-hover .heading .icon i.circle-yes {\n\t\t\t\t\t\t\tbackground-color: #ef7f01 !important;\n\t\t\t\t\t\t\tborder-color: #ef7f01 !important;\n\t\t\t\t\t\t}<\/style><div class=\"fusion-clearfix\"><\/div><\/div><\/div><\/div><div class=\"fusion-clearfix\"><\/div>\n\t\t\t\t\t<\/div>\n\t\t\t\t\t<span class=\"fusion-column-inner-bg hover-type-liftup\">\n\t\t\t\t\t\t<a href=\"http:\/\/deutschlandwirtschaft.de\/services\/credit-rating-advice\/\" aria-label=\"\">\n\t\t\t\t\t\t\t<span class=\"fusion-column-inner-bg-image\" style=\"background-color:#f9f9f9;background-position:left top;background-repeat:no-repeat;-webkit-background-size:cover;-moz-background-size:cover;-o-background-size:cover;background-size:cover;\"><\/span><\/a>\n\t\t\t\t\t<\/span>\n\t\t\t\t<\/div><\/div><\/div><\/p>\n","protected":false},"excerpt":{"rendered":"","protected":false},"author":5,"featured_media":0,"parent":0,"menu_order":0,"comment_status":"closed","ping_status":"closed","template":"100-width.php","meta":[],"_links":{"self":[{"href":"https:\/\/www.raychacon.com\/index.php?rest_route=\/wp\/v2\/pages\/1804"}],"collection":[{"href":"https:\/\/www.raychacon.com\/index.php?rest_route=\/wp\/v2\/pages"}],"about":[{"href":"https:\/\/www.raychacon.com\/index.php?rest_route=\/wp\/v2\/types\/page"}],"author":[{"embeddable":true,"href":"https:\/\/www.raychacon.com\/index.php?rest_route=\/wp\/v2\/users\/5"}],"replies":[{"embeddable":true,"href":"https:\/\/www.raychacon.com\/index.php?rest_route=%2Fwp%2Fv2%2Fcomments&post=1804"}],"version-history":[{"count":15,"href":"https:\/\/www.raychacon.com\/index.php?rest_route=\/wp\/v2\/pages\/1804\/revisions"}],"predecessor-version":[{"id":1810,"href":"https:\/\/www.raychacon.com\/index.php?rest_route=\/wp\/v2\/pages\/1804\/revisions\/1810"}],"wp:attachment":[{"href":"https:\/\/www.raychacon.com\/index.php?rest_route=%2Fwp%2Fv2%2Fmedia&parent=1804"}],"curies":[{"name":"wp","href":"https:\/\/api.w.org\/{rel}","templated":true}]}}