{"id":15,"date":"2017-12-20T14:35:58","date_gmt":"2017-12-20T14:35:58","guid":{"rendered":"http:\/\/deutschlandwirtschaft.de\/?page_id=15"},"modified":"2018-04-20T09:56:22","modified_gmt":"2018-04-20T09:56:22","slug":"agb","status":"publish","type":"page","link":"https:\/\/www.raychacon.com\/?page_id=15","title":{"rendered":"AGB"},"content":{"rendered":"<div class=\"fusion-fullwidth fullwidth-box nonhundred-percent-fullwidth non-hundred-percent-height-scrolling\"  style='background-color: rgba(255,255,255,0);background-position: center center;background-repeat: no-repeat;padding-top:0px;padding-right:0px;padding-bottom:0px;padding-left:0px;'><div class=\"fusion-builder-row fusion-row \"><div  class=\"fusion-layout-column fusion_builder_column fusion_builder_column_1_1  fusion-one-full fusion-column-first fusion-column-last 1_1\"  style='margin-top:0px;margin-bottom:20px;'>\n\t\t\t\t\t<div class=\"fusion-column-wrapper\" style=\"padding: 0px 0px 0px 0px;background-position:left top;background-repeat:no-repeat;-webkit-background-size:cover;-moz-background-size:cover;-o-background-size:cover;background-size:cover;\"  data-bg-url=\"\">\n\t\t\t\t\t\t<div class=\"fusion-text\"><p><strong>AGB<\/strong><\/p>\n<ol>\n<li><strong> Geltung der AGB und Anbieter<\/strong><\/li>\n<\/ol>\n<p>Die unter\u00a0raychacon.com angebotenen Leistungen erbringen wir ausschlie\u00dflich auf Grundlage dieser Allgemeinen Gesch\u00e4ftsbedingungen (AGB). Es gelten die zum Zeitpunkt des Vertragsschlusses aktuellen Bedingungen. Von diesen Bedingungen abweichende Regelungen erkennen wir nicht an, es sei denn, sie werden von uns schriftlich best\u00e4tigt.<\/p>\n<p>Wir behalten uns vor, diese AGB erforderlichenfalls anzupassen. Wir werden Ihnen bei einer \u00c4nderung der AGB die \u00c4nderungen mitteilen. Wenn Sie nicht innerhalb von vier Wochen nach Zugang der Mitteilung erkl\u00e4ren, dass Sie der \u00c4nderung widersprechen, gelten die neuen AGB. Wir werden bei der Mitteilung der \u00c4nderung auf diese Rechtsfolge hinweisen. Im Falle des Widerspruchs sind wir berechtigt, den Vertrag aus wichtigem Grund zu k\u00fcndigen.<\/p>\n<p>Anbieter ist:<\/p>\n<p>Raycharm Ltd<\/p>\n<p>304 Crow Lane, Romford, Essex, RM7 0HJ<\/p>\n<p>Tel: 0044(0)<\/p>\n<p>Fax: 0044(0)<\/p>\n<p><a href=\"mailto:info@raychacon.com\">info@raychacon.com<\/a><\/p>\n<p>Gesch\u00e4ftsf\u00fchrer:<br \/>\nHandelsregister:<\/p>\n<ol start=\"2\">\n<li><strong> Zustandekommen des Vertrages<\/strong><\/li>\n<\/ol>\n<p>Die Darstellung der Produkte auf der Website stellt noch kein Angebot zum Vertragsschluss dar, sondern eine Aufforderung zur Aufgabe von Bestellungen. Nach Eingabe Ihrer Daten k\u00f6nnen Sie diese noch einmal \u00fcberpr\u00fcfen und ggf. zur\u00fcckspringen, um Fehler zu korrigieren. Sie k\u00f6nnen den Bestellvorgang jederzeit abbrechen, indem Sie das Browserfenster schlie\u00dfen. Ein verbindliches Angebot zum Vertragsschluss geben Sie erst ab, wenn Sie den Button \u201eJetzt kostenpflichtig bestellen\u201c ausl\u00f6sen.<\/p>\n<p>Wir best\u00e4tigen unverz\u00fcglich per E-Mail den Eingang Ihrer Bestellung. Dies ist noch keine Annahme der Bestellung. Der Vertrag kommt zustande, wenn wir die Bestellung ausdr\u00fccklich annehmen oder stillschweigend mit der Ausf\u00fchrung der Bestellungn beginnen. Der Vertragstext wird von uns gespeichert.<\/p>\n<ol start=\"3\">\n<li><strong> Gesetzliches Widerrufsrecht f\u00fcr Verbraucher<\/strong><\/li>\n<\/ol>\n<p>Verbraucher (Verbraucher ist jede nat\u00fcrliche Person, die ein Rechtsgesch\u00e4ft zu Zwecken abschlie\u00dft, die \u00fcberwiegend weder ihrer gewerblichen noch ihrer selbst\u00e4ndigen beruflichen T\u00e4tigkeit zugerechnet werden k\u00f6nnen.), haben das gesetzliche Widerrufsrecht.<\/p>\n<p>Bitte beachten Sie: Das Widerrufsrecht erlischt bei der unk\u00f6rperlichen Lieferung digitaler Inhalte vor Ablauf der Widerrufsfrist, wenn wir mit der Ausf\u00fchrung des Vertrages begonnen haben, nachdem Sie ausdr\u00fccklich zugestimmt haben, dass wir mit der Ausf\u00fchrung des Vertrags vor Ablauf der Widerrufsfrist beginnen und Sie Ihre Kenntnis davon best\u00e4tigt haben, dass Sie durch Ihre Zustimmung mit Beginn der Ausf\u00fchrung des Vertrags das Widerrufsrecht verlieren.<\/p>\n<p><strong>Widerrufsbelehrung<\/strong><\/p>\n<p><strong>Widerrufsrecht <\/strong><\/p>\n<p>Sie haben das Recht, binnen vierzehn Tagen ohne Angabe von Gr\u00fcnden diesen Vertrag zu widerrufen.<br \/>\nDie Widerrufsfrist betr\u00e4gt vierzehn Tage ab dem Tag des Vertragsschlusses.<br \/>\nUm Ihr Widerrufsrecht auszu\u00fcben, m\u00fcssen Sie uns (Raycharm Ltd , 304 Crow Lane, Romford, Essex, RM7 0HJ) mittels einer eindeutigen Erkl\u00e4rung (zum Beispiel ein mit der Post versandter Brief, Telefax oder E-Mail) \u00fcber Ihren Entschluss, diesen Vertrag zu widerrufen, informieren. Sie k\u00f6nnen daf\u00fcr das beigef\u00fcgte Muster-Widerrufsformular verwenden, das jedoch nicht vorgeschrieben ist. Zur Wahrung der Widerrufsfrist reicht es aus, dass Sie die Mitteilung \u00fcber die Aus\u00fcbung des Widerrufsrechts vor Ablauf der Widerrufsfrist absenden.<\/p>\n<p><strong>Folgen des Widerrufs\u00a0 <\/strong><\/p>\n<p>Wenn Sie diesen Vertrag widerrufen, haben wir Ihnen alle Zahlungen, die wir von Ihnen erhalten haben, einschlie\u00dflich der Lieferkosten (mit Ausnahme der zus\u00e4tzlichen Kosten, die sich daraus ergeben, dass Sie eine andere Art der Lieferung als die von uns angebotene, g\u00fcnstigste Standardlieferung gew\u00e4hlt haben), unverz\u00fcglich und sp\u00e4testens binnen vierzehn Tagen ab dem Tag zur\u00fcckzuzahlen, an dem die Mitteilung \u00fcber Ihren Widerruf dieses Vertrags bei uns eingegangen ist. F\u00fcr diese R\u00fcckzahlung verwenden wir dasselbe Zahlungsmittel, das Sie bei der urspr\u00fcnglichen Transaktion eingesetzt haben, es sei denn, mit Ihnen wurde ausdr\u00fccklich etwas anderes vereinbart; in keinem Fall werden Ihnen wegen dieser R\u00fcckzahlung Entgelte berechnet. Haben Sie verlangt, dass die Dienstleistungen w\u00e4hrend der Widerrufsfrist beginnen soll, so haben Sie uns einen angemessenen Betrag zu zahlen, der dem Anteil der bis zu dem Zeitpunkt, zu dem Sie uns von der Aus\u00fcbung des Widerrufsrechts hinsichtlich dieses Vertrags unterrichten, bereits erbrachten Dienstleistungen im Vergleich zum Gesamtumfang der im Vertrag vorgesehenen Dienstleistungen entspricht.<\/p>\n<p><strong>Erkl\u00e4rung des Widerrufs<\/strong><\/p>\n<p>Zur Erkl\u00e4rung des Widerrufs k\u00f6nnen Sie das folgende Formular ausf\u00fcllen oder selbst eine Erkl\u00e4rung des Widerrufs formulieren.<\/p>\n<p><strong>Muster-Widerrufsformular<\/strong><\/p>\n<p>(Wenn Sie den Vertrag widerrufen wollen, dann f\u00fcllen Sie bitte dieses Formular aus und senden Sie es zur\u00fcck.)<\/p>\n<p>An<\/p>\n<p>Raycharm Ltd<\/p>\n<p>304 Crow Lane, Romford, Essex, RM7 0HJ<\/p>\n<p>Tel: 0044(0)<\/p>\n<p>Fax: 0044(0)<\/p>\n<p><a href=\"mailto:info@raychacon.com\">info@raychacon.com<\/a><\/p>\n<p>Hiermit widerrufe(n) ich\/wir (*) den von mir\/uns (*) abgeschlossenen Vertrag \u00fcber den Kauf der folgenden Waren (*)\/die Erbringung der folgenden Dienstleistung (*)<\/p>\n<p>Bestellt am (*)\/erhalten am (*)<\/p>\n<p>Name des\/der Verbraucher(s)<\/p>\n<p>Anschrift des\/der Verbraucher(s)<\/p>\n<p>Unterschrift des\/der Verbraucher(s) (nur bei Mitteilung auf Papier)<\/p>\n<p>Datum<\/p>\n<p>&#8212;<\/p>\n<p>(*) Unzutreffendes streichen.<\/p>\n<ol start=\"4\">\n<li><strong> Inhalte\/Angebote, Haftung<\/strong><\/li>\n<\/ol>\n<p>\u00dcber die Webseiten des deutschlandwirtschaft.de \u00a0werden eigene und fremde Informations-\/Produktangebote bereitgestellt. Sie erhalten den elektronischen Zugriff auf die Inhalte \u00fcber unsere Website.<\/p>\n<p>Soweit diese von Fremdfirmen stammen, sind sie entsprechend gekennzeichnet. F\u00fcr Verluste oder Sch\u00e4den, die Ihnen dadurch entstehen k\u00f6nnen, dass Sie auf eine Information dieser Inhalte\/Angaben vertrauen, die Sie im Rahmen der Nutzung von adlerman.de oder anderer Webseiten, die der Raycharm Ltd geh\u00f6ren, erhalten haben, haftet die Raycharm Ltd nur, wenn der Schaden durch Vorsatz oder grobe Fahrl\u00e4ssigkeit der gesetzlichen Vertreter oder Erf\u00fcllungsgehilfen der Raycharm Ltd verursacht worden ist oder durch leichte Fahrl\u00e4ssigkeit eine Kardinalpflicht verletzt wurde (Kardinalpflichten sind vertragliche Pflichten, deren Erf\u00fcllung die ordnungsgem\u00e4\u00dfe Durchf\u00fchrung des Vertrages \u00fcberhaupt erst erm\u00f6glichen und auf deren Einhaltung der Vertragspartner regelm\u00e4\u00dfig vertrauen darf, und deren Verletzung auf der anderen Seite die Erreichung des Vertragszwecks gef\u00e4hrdet).<\/p>\n<p>Die Haftung wegen einer schuldhaften Verletzung der Gesundheit, des K\u00f6rpers oder des Lebens sowie eine Haftung nach dem Produkthaftungsgesetz bleiben von der vorstehenden Haftungsbeschr\u00e4nkung unber\u00fchrt.<\/p>\n<p>Bei Verletzung einer Kardinalpflicht ist die Haftung \u2013 soweit der Schaden lediglich auf leichter Fahrl\u00e4ssigkeit beruht und nicht Gesundheit, K\u00f6rper oder Leben betrifft \u2013 beschr\u00e4nkt auf solche Sch\u00e4den, mit deren Entstehung im Rahmen der Erbringung von Leistungen wie der vertragsgegenst\u00e4ndlichen Leistungen typischerweise und vorhersehbarerweise gerechnet werden muss.<\/p>\n<p>Bei Informations- und Produktangeboten von Fremdfirmen sowie von Privatpersonen (z. B. in Diskussionsforen) stellen die Webseiten der dww ltd lediglich das Medium technisch zur Verf\u00fcgung. Solche Inhalte\/Angebote, die Ihnen von Dritten zug\u00e4nglich gemacht werden, sind Informationen des entsprechenden Urhebers, Autors oder Verbreiters und nicht solche von fuchsbriefe.de. fuchsbriefe.de ist deshalb f\u00fcr die Genauigkeit oder Verl\u00e4sslichkeit dieser Inhalte, Informationen und Angebote unter keinen Umst\u00e4nden verantwortlich. Insbesondere ist DWW.de nicht f\u00fcr irgendwelche Verluste oder Sch\u00e4den haftbar, die Ihnen dadurch entstehen, dass Sie auf eine solche Information vertrauen. Beitr\u00e4ge, die geeignet sind, Dritte zu sch\u00e4digen oder reine Werbeaussagen enthalten, werden vom Webmaster gel\u00f6scht und bei einem Versto\u00df gegen strafrechtliche oder wettbewerbsrechtliche Vorschriften umgehend zur Anzeige gebracht. Der Verlag distanziert sich ausdr\u00fccklich von Beitr\u00e4gen dieser Art.<\/p>\n<ol start=\"5\">\n<li><strong> Urheberrecht, Nutzungsrechte Inhalte<\/strong><\/li>\n<\/ol>\n<p>Urheber-, Schutz- sowie sonstige Rechte Dritter, auf die \u00fcber die Webseiten der\u00a0 DWW ltd zugegriffen wird, verbleiben vollumf\u00e4nglich beim jeweiligen Rechteinhaber und sind entsprechend gesch\u00fctzt. Wenn im Einzelfall nichts anderes bestimmt ist, haben Sie lediglich das gesetzliche Recht, einige wenige Kopien von Teilen der Inhalte zu erstellen, vorausgesetzt, dass diese Kopien ausschlie\u00dflich zum pers\u00f6nlichen Gebrauch erstellt und genutzt werden und dass sichergestellt wird, dass alle Hinweise auf die Schutzrechte und deren Inhalte bestehen bleiben. Das Verbreiten in jeglicher Form der auf den Webseiten der DWW ltd enthaltenen Inhalte und Daten sowie die Implementierung dieser Inhalte und Daten auf den Webseiten Dritter ist nicht zul\u00e4ssig.<\/p>\n<p>Es ist verboten, die auf den Webseiten der DWW ltd aufgef\u00fchrten Inhalte f\u00fcr kommerzielle Zwecke zu verwenden. Missbrauch wird von uns strafrechtlich verfolgt. Ein Online-Abonnement berechtigt ausschlie\u00dflich w\u00e4hrend des vereinbarten Bezugszeitraumes zur Nutzung der Daten durch jeweils einen Nutzer auf einem einzigen PC. F\u00fcr die Nutzung durch mehrere Nutzer oder auf mehr als einem PC werden Mehrfachabonnements angeboten, in denen die maximale Anzahl der Nutzer und PCs festgelegt wird. Firmenlizenzen unterliegen besonderen Bedingungen und Angebotsformen. \u00a0Der Nutzer ist verpflichtet, diese vertraulich zu behandeln und nicht an Dritte weiterzugeben und sie zu \u00e4ndern, wenn sie aus irgendeinem Grund Dritten bekannt werden. Die Weitergabe der Inhalte, auch in Teilen davon, an Dritte ist untersagt<\/p>\n<ol start=\"6\">\n<li><strong> Lieferung und Zahlung<\/strong><\/li>\n<\/ol>\n<p>Die Lieferung erfolgt elektronisch durch Freischalten des Zugriff auf die Inhalte \u00fcber unsere Website oder in der Regel per e-mail versand nach Zahlungseingang<br \/>\nBevor der Zugriff freigeschaltet wird oder Sie Inhalte per E-Mail erhalten, m\u00fcssen Sie ausdr\u00fccklich zustimmen, dass wir mit der Vertragsdurchf\u00fchrung beginnen sollen.<\/p>\n<p>Die Zahlung erfolgt \u00a0durch Bank\u00fcberweisung vorab ,per Faxabruf(Faxpoling),<\/p>\n<p>per Kreditkarte oder \u00a0\u00fcber PayPal. F\u00fcr die Zahlung \u00fcber PayPal m\u00fcssen Sie \u00fcber ein Konto bei PayPal verf\u00fcgen und sich zur Zahlung anmelden.<\/p>\n<ol start=\"7\">\n<li><strong> K\u00fcndigung von Abonnements<\/strong>Abonnements haben eine Mindestlaufzeit von 1 Jahr und verl\u00e4ngern sich nicht<\/li>\n<\/ol>\n<p>automatisch . Mindestens 4 Wochen vor dem Ende des Bezugszeitraumes erhalten Sie einen<\/p>\n<p>Hinweis das Ihr Abonnement vor dem Ende des Bezugszeitrauems ist und ob Sie es ggf. verl\u00e4ngern m\u00f6chten.<\/p>\n<p>K\u00fcndigungen k\u00f6nnen schriftlich an\u00a0 Raycharm Ltd , 304 Crow Lane, Romford, Essex, RM7 0HJ erfolgen<\/p>\n<ol start=\"8\">\n<li><strong> Verpflichtungen bei Dialogen<\/strong><\/li>\n<\/ol>\n<p>Sie verpflichten sich, bei der Nutzung von dialogorientierten Angeboten auf den Webseiten des der deutschlandwirtschaft.de \u00a0(z.B. Diskussionsboards) sich auf den professionellen Meinungsaustausch zu beschr\u00e4nken und auf Werbeaussagen zu verzichten sowie auf die Belange anderer Teilnehmer R\u00fccksicht zu nehmen. Bei Missbrauch k\u00f6nnen Ihre Beitr\u00e4ge gel\u00f6scht sowie Ihre Mitgliedschaft gesperrt werden.<\/p>\n<ol start=\"9\">\n<li><strong> Zugangsberechtigungen<\/strong><\/li>\n<\/ol>\n<p>Wir sind berechtigt, die Zuteilung von Benutzernamen und Passwort abzulehnen oder die Zugangsdaten mit einer Frist von sieben Tagen ohne Angabe von Gr\u00fcnden zu k\u00fcndigen. Das Recht zur fristlosen K\u00fcndigung aus wichtigem Grund, insbesondere jedoch wegen<\/p>\n<ul>\n<li>falscher Angaben bei der Anmeldung<\/li>\n<li>Missbrauchs unseres Angebots<\/li>\n<li>Besch\u00e4digung oder Beeintr\u00e4chtigung der Funktionsf\u00e4higkeit des Angebots<\/li>\n<li>sonstigen Verst\u00f6\u00dfen gegen die allgemeinen Nutzungsbedingungen<\/li>\n<\/ul>\n<p>bleibt unber\u00fchrt. Hierbei behalten wir uns die Geltendmachung von Schadensersatzanspr\u00fcchen ausdr\u00fccklich vor.<\/p>\n<ol start=\"10\">\n<li><strong> Erreichbarkeit<\/strong><\/li>\n<\/ol>\n<p>Ein Anspruch auf jederzeitige Verf\u00fcgbarkeit unserer Webseiten besteht nicht. Die Webseiten k\u00f6nnen insbesondere wegen Wartungsarbeiten oder technischer St\u00f6rungen vor\u00fcbergehend nicht verf\u00fcgbar sein, ohne dass Ihnen hieraus Anspr\u00fcche gegen uns erwachsen.<\/p>\n<ol start=\"11\">\n<li><strong> Sonstiges<\/strong><\/li>\n<\/ol>\n<p>F\u00fcr alle Rechtsbeziehungen, die sich aus der Nutzung der deutschlandwirtschaft.de \/des Angbeotes der Raycharm Ltd ergeben, gilt das Recht des K\u00f6nigreiches Gro\u00dfbritannien unter Ausschluss des UN-Kaufrechts.<\/p>\n<p>Wenn einzelne Bestimmungen dieser allgemeinen Nutzungsbedingungen ganz oder teilweise nicht rechtswirksam sind oder ihre Rechtswirksamkeit ganz oder teilweise sp\u00e4ter verlieren, wird hierdurch die G\u00fcltigkeit der allgemeinen Nutzungsbedingungen im \u00dcbrigen nicht ber\u00fchrt. An die Stelle der unwirksamen Regelung treten die gesetzlichen Bestimmungen. Das gleiche gilt, soweit die allgemeinen Nutzungsbedingungen eventuelle Regelungsl\u00fccken aufweisen.<\/p>\n<\/div><div class=\"fusion-clearfix\"><\/div>\n\n\t\t\t\t\t<\/div>\n\t\t\t\t<\/div><\/div><\/div>\n","protected":false},"excerpt":{"rendered":"","protected":false},"author":5,"featured_media":0,"parent":0,"menu_order":0,"comment_status":"closed","ping_status":"closed","template":"100-width.php","meta":[],"_links":{"self":[{"href":"https:\/\/www.raychacon.com\/index.php?rest_route=\/wp\/v2\/pages\/15"}],"collection":[{"href":"https:\/\/www.raychacon.com\/index.php?rest_route=\/wp\/v2\/pages"}],"about":[{"href":"https:\/\/www.raychacon.com\/index.php?rest_route=\/wp\/v2\/types\/page"}],"author":[{"embeddable":true,"href":"https:\/\/www.raychacon.com\/index.php?rest_route=\/wp\/v2\/users\/5"}],"replies":[{"embeddable":true,"href":"https:\/\/www.raychacon.com\/index.php?rest_route=%2Fwp%2Fv2%2Fcomments&post=15"}],"version-history":[{"count":6,"href":"https:\/\/www.raychacon.com\/index.php?rest_route=\/wp\/v2\/pages\/15\/revisions"}],"predecessor-version":[{"id":1863,"href":"https:\/\/www.raychacon.com\/index.php?rest_route=\/wp\/v2\/pages\/15\/revisions\/1863"}],"wp:attachment":[{"href":"https:\/\/www.raychacon.com\/index.php?rest_route=%2Fwp%2Fv2%2Fmedia&parent=15"}],"curies":[{"name":"wp","href":"https:\/\/api.w.org\/{rel}","templated":true}]}}