{"id":14,"date":"2017-12-20T14:35:58","date_gmt":"2017-12-20T14:35:58","guid":{"rendered":"http:\/\/deutschlandwirtschaft.de\/?page_id=14"},"modified":"2018-04-24T19:12:56","modified_gmt":"2018-04-24T19:12:56","slug":"impressum","status":"publish","type":"page","link":"https:\/\/www.raychacon.com\/?page_id=14","title":{"rendered":"Impressum"},"content":{"rendered":"<div class=\"fusion-fullwidth fullwidth-box nonhundred-percent-fullwidth non-hundred-percent-height-scrolling\"  style='background-color: rgba(255,255,255,0);background-position: center center;background-repeat: no-repeat;padding-top:0px;padding-right:0px;padding-bottom:0px;padding-left:0px;'><div class=\"fusion-builder-row fusion-row \"><div  class=\"fusion-layout-column fusion_builder_column fusion_builder_column_1_1  fusion-one-full fusion-column-first fusion-column-last 1_1\"  style='margin-top:0px;margin-bottom:20px;'>\n\t\t\t\t\t<div class=\"fusion-column-wrapper\" style=\"padding: 0px 0px 0px 0px;background-position:left top;background-repeat:no-repeat;-webkit-background-size:cover;-moz-background-size:cover;-o-background-size:cover;background-size:cover;\"  data-bg-url=\"\">\n\t\t\t\t\t\t<div class=\"fusion-text\"><p><strong>Die\u00a0folgenden\u00a0Angaben gelten f\u00fcr die Gesch\u00e4ftsaktivit\u00e4ten der Raycharm Ltd.<\/strong><\/p>\n<p><strong>So erreichen Sie uns:<\/strong><\/p>\n<ul style=\"list-style-type: none;\">\n<li>Raycharm Ltd<\/li>\n<li>Suite 29,<\/li>\n<li>58 Acacia Road,<\/li>\n<li>London NW8 6AG,<\/li>\n<li>Phone : +44 (0)208 485 8525<\/li>\n<li>Fax : +44 (0)208 485 8524<\/li>\n<li style=\"list-style-type: none;\"><\/li>\n<\/ul>\n<ul style=\"list-style-type: none;\">\n<li>Mail: info@raychacon.com<\/li>\n<li><\/li>\n<\/ul>\n<p><strong>Registered office:<\/strong><\/p>\n<ul style=\"list-style-type: none;\">\n<li>304 Crow Lane, Romford<\/li>\n<li>Essex, RM7 0HJ<\/li>\n<li>Register No: 10670384<\/li>\n<li>VAT-No : GB 288436654<\/li>\n<li style=\"list-style-type: none;\"><\/li>\n<li>Director: Christine Brooks<\/li>\n<\/ul>\n<p><strong>Repr\u00e4sentanz \/Representing Office Swiss:<\/strong><\/p>\n<ul style=\"list-style-type: none;\">\n<li>Bahnhofstrasse 100,<\/li>\n<li>CH-8001 Z\u00fcrich<\/li>\n<li>Switzerland<\/li>\n<li>Phone: + 41 44 562 7070<\/li>\n<li>Fax : + 41<\/li>\n<li>Mail: swiss@raychacon.com<\/li>\n<\/ul>\n<p><strong>Urheberrecht, Nutzungsrechte Inhalte<\/strong><\/p>\n<p>Urheber-, Schutz- sowie sonstige Rechte Dritter, auf die \u00fcber dww.de oder andere Domains der Raycharm Ltd.\u00a0 zugegriffen wird, verbleiben vollumf\u00e4nglich beim jeweiligen Rechteinhaber und sind entsprechend gesch\u00fctzt.<\/p>\n<p>Wenn im Einzelfall nichts anderes bestimmt ist, haben Sie lediglich das gesetzliche Recht, einige wenige Kopien von Teilen der Inhalte zu erstellen, vorausgesetzt, dass diese Kopien ausschlie\u00dflich zum pers\u00f6nlichen Gebrauch erstellt und genutzt werden und dass sichergestellt wird, dass alle Hinweise auf die Schutzrechte und deren Inhalte bestehen bleiben.<\/p>\n<p>Das Verbreiten in jeglicher Form der auf den Webseiten der deutschlandwirtschaft.de enthaltenen Inhalte und Daten sowie die Implementierung dieser Inhalte und Daten auf den Webseiten Dritter ist nicht zul\u00e4ssig.<br \/>\nEs ist verboten, die auf unseren Webseiten aufgef\u00fchrten Datenbanken f\u00fcr kommerzielle Zwecke zu verwenden. Missbrauch wird von uns strafrechtlich verfolgt.<\/p>\n<p>Ein <strong>Online-Abonnement<\/strong> berechtigt ausschlie\u00dflich w\u00e4hrend des vereinbarten Bezugszeitraumes zur Nutzung der Datenbank durch jeweils einen Nutzer auf einem einzigen PC.<br \/>\nDer Nutzer ist verpflichtet, diese vertraulich zu behandeln und nicht an Dritte weiterzugeben und sie zu \u00e4ndern, wenn sie aus irgendeinem Grund Dritten bekannt werden. Die Weitergabe von Teilen der Datenbankinhalte, auch in Teilen davon, an Dritte ist untersagt.<\/p>\n<\/div><div class=\"fusion-clearfix\"><\/div>\n\n\t\t\t\t\t<\/div>\n\t\t\t\t<\/div><\/div><\/div>\n","protected":false},"excerpt":{"rendered":"","protected":false},"author":5,"featured_media":0,"parent":0,"menu_order":0,"comment_status":"closed","ping_status":"closed","template":"","meta":[],"_links":{"self":[{"href":"https:\/\/www.raychacon.com\/index.php?rest_route=\/wp\/v2\/pages\/14"}],"collection":[{"href":"https:\/\/www.raychacon.com\/index.php?rest_route=\/wp\/v2\/pages"}],"about":[{"href":"https:\/\/www.raychacon.com\/index.php?rest_route=\/wp\/v2\/types\/page"}],"author":[{"embeddable":true,"href":"https:\/\/www.raychacon.com\/index.php?rest_route=\/wp\/v2\/users\/5"}],"replies":[{"embeddable":true,"href":"https:\/\/www.raychacon.com\/index.php?rest_route=%2Fwp%2Fv2%2Fcomments&post=14"}],"version-history":[{"count":13,"href":"https:\/\/www.raychacon.com\/index.php?rest_route=\/wp\/v2\/pages\/14\/revisions"}],"predecessor-version":[{"id":1931,"href":"https:\/\/www.raychacon.com\/index.php?rest_route=\/wp\/v2\/pages\/14\/revisions\/1931"}],"wp:attachment":[{"href":"https:\/\/www.raychacon.com\/index.php?rest_route=%2Fwp%2Fv2%2Fmedia&parent=14"}],"curies":[{"name":"wp","href":"https:\/\/api.w.org\/{rel}","templated":true}]}}