{"id":13,"date":"2017-12-20T14:35:58","date_gmt":"2017-12-20T14:35:58","guid":{"rendered":"http:\/\/deutschlandwirtschaft.de\/?page_id=13"},"modified":"2018-04-20T09:26:07","modified_gmt":"2018-04-20T09:26:07","slug":"datenschutzbelehrung","status":"publish","type":"page","link":"https:\/\/www.raychacon.com\/?page_id=13","title":{"rendered":"Datenschutzbelehrung"},"content":{"rendered":"<div class=\"fusion-fullwidth fullwidth-box nonhundred-percent-fullwidth non-hundred-percent-height-scrolling\"  style='background-color: rgba(255,255,255,0);background-position: center center;background-repeat: no-repeat;padding-top:0px;padding-right:0px;padding-bottom:0px;padding-left:0px;'><div class=\"fusion-builder-row fusion-row \"><div  class=\"fusion-layout-column fusion_builder_column fusion_builder_column_1_1  fusion-one-full fusion-column-first fusion-column-last 1_1\"  style='margin-top:0px;margin-bottom:20px;'>\n\t\t\t\t\t<div class=\"fusion-column-wrapper\" style=\"padding: 0px 0px 0px 0px;background-position:left top;background-repeat:no-repeat;-webkit-background-size:cover;-moz-background-size:cover;-o-background-size:cover;background-size:cover;\"  data-bg-url=\"\">\n\t\t\t\t\t\t<div class=\"fusion-text\"><p><strong>Datenschutzerkl\u00e4rung<\/strong><\/p>\n<p>Der Datenschutz ist uns ein besonderes Anliegen. Sie als unser Kunde haben Anspruch darauf, dass wir im Umgang mit Ihren personenbezogenen Daten gr\u00f6\u00dftm\u00f6gliche Sensibilit\u00e4t walten lassen und f\u00fcr ein hohes Ma\u00df an Datensicherheit sorgen. Unsere Aktivit\u00e4ten zur Erf\u00fcllung der Anforderungen des Bundesdatenschutzgesetzes (BDSG) des Telemediengesetzes (TMG) sind an dem Ziel ausgerichtet, unserem Respekt vor Ihrer Privat- und Pers\u00f6nlichkeitssph\u00e4re Wirkung zu verleihen.<\/p>\n<p>Mit dieser Erkl\u00e4rung unterrichten wir Sie \u00fcber die datenschutzrelevanten Aspekte unseres Angebots.<\/p>\n<p>Auf Grundlage der gesetzlichen Regelungen d\u00fcrfen wir Ihre Daten ohne ausdr\u00fcckliche Einwilligung f\u00fcr die im Folgenden beschriebenen Zwecke verwenden. Dar\u00fcber hinaus holen wir f\u00fcr bestimmte Zwecke Ihre ausdr\u00fcckliche Einwilligung ein. Sie k\u00f6nnen eine solche Einwilligung jederzeit mit Wirkung f\u00fcr die Zukunft widerrufen. Wir werden dann von der Einwilligung nicht mehr Gebrauch machen.<\/p>\n<ol>\n<li><strong> Erhebung und Verarbeitung pers\u00f6nlicher Daten<\/strong><\/li>\n<\/ol>\n<p>Die Erhebung Ihrer Daten dient uns allein dazu, Ihnen ein nutzerfreundliches, effizientes und sicheres Internetangebot unterbreiten zu k\u00f6nnen.<\/p>\n<ol>\n<li><strong>a) Nutzung der Website<\/strong><\/li>\n<\/ol>\n<p>Sie k\u00f6nnen unsere Webseiten grunds\u00e4tzlich ohne die Angabe pers\u00f6nlicher Daten einsehen. Unsere Verwendung von Cookies wird unter Ziffer 4 n\u00e4her beschrieben.<\/p>\n<p>Unsere Website kann Links zu Websites anderer, mit uns nicht verbundener Anbieter enthalten. Nach Anklicken des Links haben wir keinen Einfluss mehr auf die Verarbeitung etwaig mit dem Anklicken des Links an den Dritten \u00fcbertragener, personenbezogener Daten (wie zum Beispiel Ihre IP-Adresse oder die URL der Seite, auf der Sie den Link angeklickt haben). Auf das Verhalten Dritter haben wir keinen Einfluss. F\u00fcr die Verarbeitung derartiger personenbezogener Daten durch Dritte k\u00f6nnen wir keine Verantwortung \u00fcbernehmen.<\/p>\n<ol>\n<li><strong>b) Online-Shop<\/strong><\/li>\n<\/ol>\n<p>Jenseits dessen erheben und verarbeiten wir personenbezogene Daten ausschlie\u00dflich dann, wenn Sie bei uns ein Kundenkonto er\u00f6ffnen bzw. er\u00f6ffnet haben. Damit Sie nach Er\u00f6ffnung des Kundenkontos bei uns Waren bestellen k\u00f6nnen, ben\u00f6tigen wird von Ihnen folgende Daten (nachfolgend als &#8222;Bestandsdaten&#8220; bezeichnet), die von der Eingabemaske bei der Kontor\u00f6ffnung abgefragt werden:<\/p>\n<ul>\n<li>Ihr vollst\u00e4ndiger und richtiger Name,<\/li>\n<li>Ihre E-Mail-Adresse,<\/li>\n<li>Ihre vollst\u00e4ndige und richtige Anschrift,<\/li>\n<li>eine Telefonnummer, unter der wir Sie erreichen k\u00f6nnen sowie<\/li>\n<li>ein Passwort, das Sie sich selbst zuweisen. Dieses Passwort wird hoch verschl\u00fcsselt gespeichert und ist zum keinem Zeitpunkt im Klartext sichtbar.<\/li>\n<\/ul>\n<p>Die Bestandsdaten ben\u00f6tigen wir, um Ihre Bestellungen bearbeiten und Sie bei Schwierigkeiten bei der Vertragsdurchf\u00fchrung erreichen zu k\u00f6nnen. Zu Ihren Bestandsdaten k\u00f6nnen Sie uns ferner Ihre Firma, Ihre Umsatzsteuernummer sowie Ihre Telefaxnummer angeben. Diese werden dann Ihrem Bestandsdatensatz beigef\u00fcgt und dadurch ebenfalls zu Bestandsdaten. Sie haben weiterhin die M\u00f6glichkeit, sich f\u00fcr den Empfang eines Newsletters einzutragen.<\/p>\n<ol start=\"2\">\n<li><strong> Verwendung der Daten<\/strong><\/li>\n<\/ol>\n<p>Wir verwenden die erhobenen und verarbeiteten personenbezogenen Daten ausschlie\u00dflich zu Zwecken der Abwicklung der von Ihnen get\u00e4tigten Bestellungen, zur Lieferung von Waren, zur Abwicklungen von Zahlungen sowie f\u00fcr die Versendung des Newsletters, wenn sie diese Option gew\u00e4hlt haben. Dabei beachten wir selbstverst\u00e4ndlich alle anwendbaren Datenschutzgesetze, insbesondere das Bundesdatenschutzgesetz sowie das Telemediengesetz.<\/p>\n<p>Ansonsten bezweckt unsere Datenverarbeitung allgemein die Verbesserung unseres Angebots sowie dessen Sicherheit, wobei allerdings keine personenbezogenen Daten verarbeitet werden. Diese Verarbeitung erfolgt anonym.<\/p>\n<p>Wir geben personenbezogene Daten nur dann an Dritte weiter, wenn und soweit dies zur Durchf\u00fchrung Ihrer Bestellung notwendig ist, wir gesetzlich dazu verpflichtet sind oder es zur Durchsetzung unserer allgemeinen Gesch\u00e4ftsbedingungen oder anderer mit Ihnen geschlossenen Vereinbarungen sowie unserer Rechte und Forderungen erforderlich sein sollte. Insbesondere k\u00f6nnen wir Daten an Auskunfteien weitergeben, wenn Sie einen Kauf auf Rechnung w\u00fcnschen. Ferner d\u00fcrfen wir Ihre Daten im Rahmen der gesetzlichen Grenzen in bestimmten F\u00e4llen auch ohne Ihre ausdr\u00fcckliche Einwilligung f\u00fcr Werbung nutzen. In dem Fall, dass Ihre pers\u00f6nlichen Daten zu hier nicht genannten Zwecken weitergegeben werden sollen, werden wir Sie in jedem Einzelfall um Ihr Einverst\u00e4ndnis bitten. Wenn Sie dieses nicht erteilen, wird die Weitergabe selbstverst\u00e4ndlich unterbleiben.<\/p>\n<ol start=\"3\">\n<li><strong> Auskunft, Berichtigung, L\u00f6schung, Sperrung, Widerspruch gegen die Verwendung Ihrer Daten, Widerruf von Einwilligungen<\/strong><\/li>\n<\/ol>\n<p>Auf schriftliche Anforderung geben wir Ihnen jederzeit dar\u00fcber Auskunft, welche pers\u00f6nlichen Daten \u00fcber Sie bei uns gespeichert sind. Sie haben weiterhin jederzeit die M\u00f6glichkeit, die Daten Ihres Kundenkontos und damit Ihre pers\u00f6nliche Daten durch uns sperren oder l\u00f6schen zu lassen. Hiervon ausgenommen sind ausschlie\u00dflich die Daten, die wir zur Abwicklung der bereits get\u00e4tigten Bestellungen oder zur Durchsetzung unserer Rechte ben\u00f6tigen. K\u00fcnftige Bestellungen sind dann allerdings nur nach erneuter Registrierung m\u00f6glich.<\/p>\n<p>Sie haben das Recht, jederzeit der gesetzlich grunds\u00e4tzlich zul\u00e4ssigen Verwendung Ihrer Daten f\u00fcr Zwecke der Werbung oder Markt- oder Meinungsforschung widersprechen. Im Falle eines Widerspruchs werden wir Ihre Daten k\u00fcnftig nicht mehr f\u00fcr diese Zwecke verwenden.<\/p>\n<p>Ferner k\u00f6nnen Sie eine ausdr\u00fcckliche Einwilligung, die Sie uns f\u00fcr bestimmte Zwecke der Datenverarbeitung gegeben haben, jederzeit mit Wirkung f\u00fcr die Zukunft widerrufen.<\/p>\n<p>Bitte richten Sie ein Verlangen nach Auskunft oder nach Berichtigung, L\u00f6schung oder Sperrung Ihrer Daten oder einen Widerspruch gegen die Verwendung Ihrer Daten f\u00fcr Zwecke der Werbung oder Markt- oder Meinungsforschung oder den Widerruf einer Einwilligung schriftlich an: Raycharm Ltd , 304 Crow Lane, Romford, Essex, RM7 0HJ oder senden Sie uns eine E-Mail an unseren Kundenservice unter <a href=\"mailto: info@raychacon.com\"> info@raychacon.com.<\/a><\/p>\n<ol start=\"4\">\n<li><strong> Cookies<\/strong><\/li>\n<\/ol>\n<p>Im Rahmen unserer Website verwenden wir so genannte Cookies, wenn Sie bei uns ein Kundenkonto unterhalten. Hierbei handelt es sich um kleine Dateien, die auf Ihrer Festplatte gespeichert werden und durch welche uns bestimmte Informationen zuflie\u00dfen.<\/p>\n<ol>\n<li><strong>a) Session-Cookies<\/strong><\/li>\n<\/ol>\n<p>Bei diesen Informationen handelt es sich insbesondere um die IP-Adresse, Logins, Ihren Browsertyp und dessen Version, E-Mail-Adressen, Ihre Bestellhistorie, den URL-Clickstream (das hei\u00dft welche Webseiten Sie in welcher Reihenfolge in unserem Internetangebot besucht haben und welche Produkte Sie sich angesehen haben), das Datum und die Zeit Ihres Besuchs bei uns sowie die Cookie-Nummer.<\/p>\n<p>Diese Informationen werden in sogenannten Session-Cookies gespeichert. Die Session-Cookies werden automatisch gel\u00f6scht, sobald Sie Ihr Browser-Fenster schlie\u00dfen. Wir erstellen mithilfe der Session-Cookies eine so genannte Session-ID f\u00fcr interne statistische Zwecke. Die gewonnen Daten sind vollst\u00e4ndig anonymisiert. Insbesondere wird Ihre IP-Adresse nicht von uns gespeichert. Ein R\u00fcckschluss von den erfassten Daten auf Sie als Besucher unserer Website ist daher nicht m\u00f6glich.<\/p>\n<ol>\n<li><strong>b) Permanente Cookies<\/strong><\/li>\n<\/ol>\n<p>Permanente Cookies bleiben auch dann auf Ihrem Computer gespeichert, wenn Sie das Browser-Fenster schlie\u00dfen, sofern Sie nicht in den Browser-Einstellungen festgelegt haben, dass s\u00e4mtliche Cookies beim Schlie\u00dfen des Browsers gel\u00f6scht werden sollen, oder die Cookies gezielt l\u00f6schen.<\/p>\n<p>Der Einsatz von permanenten Cookies erm\u00f6glicht es uns, Sie zu erkennen, wenn Sie als Kunde nach einer Session erneut unser Internetangebot besuchen. Dar\u00fcber hinaus k\u00f6nnen wir durch die Cookies unser Angebot optimal nach Ihren individuellen Bed\u00fcrfnissen anpassen. Insbesondere machen Cookies wiederholte Einkaufsvorg\u00e4nge einfacher, indem Sie nicht mehr Ihre vollst\u00e4ndigen pers\u00f6nlichen Daten, sondern nur noch Ihre E-Mail-Adresse und Ihr pers\u00f6nliches Passwort eingeben m\u00fcssen. Schlie\u00dflich entf\u00e4llt das Ausf\u00fcllen der Bestellformulare. Sie k\u00f6nnen weiterhin alle in der Vergangenheit get\u00e4tigten Bestellungen einsehen, und der Inhalt Ihres aktuellen Warenkorbs wird zwischen Ihren Besuchen gespeichert.<\/p>\n<p>Au\u00dferdem verwenden wir Cookies, um die statistische H\u00e4ufigkeit der Aufrufe der verschiedenen Seiten unseres Internet-Angebots sowie die allgemeine Navigation aufzuzeichnen.<\/p>\n<p>Wir verwenden auch Cookies zum Zwecke des Re-Targetings. Dadurch kann Ihnen beim Besuch von Websites anderer Anbieter personalisierte Werbung eingeblendet werden. Diese wird auf Grund der im Cookie gespeicherten Informationen dar\u00fcber ausgew\u00e4hlt, welche Seiten Sie auf unserer Website besucht und welche Produkte Sie angesehen haben.<\/p>\n<p>Cookies, die f\u00fcr statistische Zwecke und f\u00fcr das Re-Targeting verwendet werden, werden unter Verwendung eines zuf\u00e4llig erzeugten Pseudonyms gespeichert. Die in solchen Cookies erfassten Daten werden in keinem Fall mit personenbezogenen Daten \u00fcber Sie zusammengef\u00fchrt. Ein R\u00fcckschluss von den erfassten Daten auf Sie als Besucher unserer Website ist daher nicht m\u00f6glich.<\/p>\n<ol>\n<li><strong>c) Verhinderung der Verwendung von Cookies<\/strong><\/li>\n<\/ol>\n<p>Falls Sie die Verwendung von Cookies unterbinden wollen, besteht dazu bei Ihrem Browser die M\u00f6glichkeit, die Annahme und Speicherung neuer Cookies zu verhindern. Unser Angebot k\u00f6nnen Sie auch in diesem Fall nutzen. Um herauszufinden, wie dies bei dem von Ihnen verwendeten Browser funktioniert, benutzen Sie bitte die Hilfe-Funktion des jeweiligen Browsers oder wenden sich an den Hersteller. Wir empfehlen Ihnen jedoch, die Cookies-Funktionen eingeschaltet zu lassen, da Ihnen nur dann das hohe Niveau des Einkaufskomforts, um das wir uns st\u00e4ndig bem\u00fchen, in vollem Umfang zu Gute kommt.<\/p>\n<ol start=\"5\">\n<li><strong> Sicherheit<\/strong><\/li>\n<\/ol>\n<p>Wir setzen technische und organisatorische Sicherheitsma\u00dfnahmen ein, um zu gew\u00e4hrleisten, dass ihre pers\u00f6nlichen Daten vor Verlust, unrichtigen Ver\u00e4nderungen oder unberechtigten Zugriffen Dritter gesch\u00fctzt sind. In jedem Fall haben von unserer Seite nur berechtigte Personen Zutritt zu Ihren pers\u00f6nlichen Daten, und dies auch nur insoweit, als es im Rahmen der oben genannten Zwecke erforderlich ist. Die Sicherheitsma\u00dfnahmen werden st\u00e4ndig den verbesserten technischen M\u00f6glichkeiten angepasst.<\/p>\n<ol start=\"6\">\n<li><strong> Social Plugins<\/strong><\/li>\n<\/ol>\n<p>Auf unseren Seiten sind Plugins verschiedener sozialer Netzwerke integriert. Diese erm\u00f6glichen Ihnen zum Beispiel, Inhalte mit anderen Nutzern zu teilen. Wenn Sie unsere Seiten besuchen, wird \u00fcber das Plugin eine direkte Verbindung zwischen Ihrem Browser und dem Server des sozialen Netzwerks hergestellt. Der Anbieter des sozialen Netzwerks erh\u00e4lt dadurch die Information, dass Sie mit Ihrer IP-Adresse unsere Seite besucht haben. Wenn Sie in dem sozialen Netzwerk eingeloggt sind, w\u00e4hrend Sie unsere Seiten besuchen, kann der Anbieter des sozialen Netzwerks den Besuch unserer Seiten auch Ihrem Benutzerkonto zuordnen. Wenn Sie ein Social Plugin anklicken und zum Beispiel die &#8222;Gef\u00e4llt mir&#8220;- Funktion von Facebook nutzen oder die &#8222;Tweet this&#8220;-Funktion von Twitter nutzen, werden die Inhalte unserer Seiten mit Ihrem Benutzerprofil in dem jeweiligen sozialen Netzwerk verkn\u00fcpft. Dabei werden Daten in die USA \u00fcbertragen. Wir weisen darauf hin, dass wir als Anbieter der Seiten keine Kenntnis vom Inhalt der \u00fcbermittelten Daten sowie deren Nutzung durch das soziale Netzwerk erhalten.<\/p>\n<p>F\u00fcr n\u00e4here Informationen dazu, wie Ihre Daten von den Anbietern der sozialen Netzwerke verarbeitet werden, konsultieren Sie bitte die Datenschutzhinweise des jeweiligen Anbieters.<\/p>\n<p>Wir verwenden Plugins der folgenden sozialen Netzwerke:<\/p>\n<ol>\n<li><strong>a) Facebook<\/strong><\/li>\n<\/ol>\n<p>Wir nutzen den &#8222;Gef\u00e4llt mir&#8220;-Button von Facebook, erkennbar am Symbol &#8222;Daumen hoch&#8220;. Der Anbieter von Facebook ist Facebook, Inc., 1601 South California Avenue, Palo Alto, CA 94304, USA. Weitere Informationen hierzu finden Sie in der Datenschutzerkl\u00e4rung von Facebook unter http:\/\/de-de.facebook.com\/policy.php.<\/p>\n<ol>\n<li><strong>b) Twitter<\/strong><\/li>\n<\/ol>\n<p>Wir verwenden den &#8222;Tweet this&#8220;-Button von Twitter, erkennbar am blauen Vogel und dem Text &#8222;Tweet&#8220;. Anbieter von Twitter ist Twitter, Inc., 795 Folsom St., Suite 600, San Francisco, CA 94107, USA. Weitere Informationen hierzu finden Sie in der Datenschutzerkl\u00e4rung von Twitter unter <a href=\"http:\/\/twitter.com\/privacy\">http:\/\/twitter.com\/privacy<\/a>.<\/p>\n<ol>\n<li><strong>c) Google+<\/strong><\/li>\n<\/ol>\n<p>Wir verwenden den &#8222;+1&#8220;-Button von Google+, erkennbar an dem roten Text &#8222;g+1&#8220;. Anbieter von Google+ ist Google Inc., Amphitheatre Parkway, Mountain View, CA 94043, USA. Weitere Informationen hierzu finden Sie in der Datenschutzerkl\u00e4rung von Google unter <a href=\"http:\/\/www.google.com\/intl\/de\/policies\/privacy\/\">http:\/\/www.google.com\/intl\/de\/policies\/privacy\/<\/a>.<\/p>\n<ol start=\"7\">\n<li><strong> Google Analytics<\/strong><\/li>\n<\/ol>\n<p>Diese Website benutzt Google Analytics, einen Webanalysedienst der Google Inc. (&#8222;Google&#8220;). Google Analytics verwendet sog. &#8222;Cookies&#8220;, Textdateien, die auf Ihrem Computer gespeichert werden und die eine Analyse der Benutzung der Website durch Sie erm\u00f6glichen. Die durch den Cookie erzeugten Informationen \u00fcber Ihre Benutzung dieser Website werden in der Regel an einen Server von Google in den USA \u00fcbertragen und dort gespeichert. Im Falle der Aktivierung der IP-Anonymisierung auf dieser Webseite wird Ihre IP-Adresse von Google jedoch innerhalb von Mitgliedstaaten der Europ\u00e4ischen Union oder in anderen Vertragsstaaten des Abkommens \u00fcber den Europ\u00e4ischen Wirtschaftsraum zuvor gek\u00fcrzt.<\/p>\n<p>Nur in Ausnahmef\u00e4llen wird die volle IP-Adresse an einen Server von Google in den USA \u00fcbertragen und dort gek\u00fcrzt. Im Auftrag des Betreibers dieser Website wird Google diese Informationen benutzen, um Ihre Nutzung der Website auszuwerten, um Reports \u00fcber die Websiteaktivit\u00e4ten zusammenzustellen und um weitere mit der Websitenutzung und der Internetnutzung verbundene Dienstleistungen gegen\u00fcber dem Websitebetreiber zu erbringen. Die im Rahmen von Google Analytics von Ihrem Browser \u00fcbermittelte IP-Adresse wird nicht mit anderen Daten von Google zusammengef\u00fchrt.<\/p>\n<p>Sie k\u00f6nnen die Speicherung der Cookies durch eine entsprechende Einstellung Ihrer Browser-Software verhindern; wir weisen Sie jedoch darauf hin, dass Sie in diesem Fall gegebenenfalls nicht s\u00e4mtliche Funktionen dieser Website vollumf\u00e4nglich werden nutzen k\u00f6nnen. Sie k\u00f6nnen dar\u00fcber hinaus die Erfassung der durch das Cookie erzeugten und auf Ihre Nutzung der Website bezogenen Daten (inkl. Ihrer IP-Adresse) an Google sowie die Verarbeitung dieser Daten durch Google verhindern, indem sie das unter dem folgenden Link verf\u00fcgbare Browser-Plugin herunterladen und installieren: <a href=\"http:\/\/tools.google.com\/dlpage\/gaoptout?hl=de\">http:\/\/tools.google.com\/dlpage\/gaoptout?hl=de<\/a><\/p>\n<\/div><div class=\"fusion-clearfix\"><\/div>\n\n\t\t\t\t\t<\/div>\n\t\t\t\t<\/div><\/div><\/div>\n","protected":false},"excerpt":{"rendered":"","protected":false},"author":5,"featured_media":0,"parent":0,"menu_order":0,"comment_status":"closed","ping_status":"closed","template":"","meta":[],"_links":{"self":[{"href":"https:\/\/www.raychacon.com\/index.php?rest_route=\/wp\/v2\/pages\/13"}],"collection":[{"href":"https:\/\/www.raychacon.com\/index.php?rest_route=\/wp\/v2\/pages"}],"about":[{"href":"https:\/\/www.raychacon.com\/index.php?rest_route=\/wp\/v2\/types\/page"}],"author":[{"embeddable":true,"href":"https:\/\/www.raychacon.com\/index.php?rest_route=\/wp\/v2\/users\/5"}],"replies":[{"embeddable":true,"href":"https:\/\/www.raychacon.com\/index.php?rest_route=%2Fwp%2Fv2%2Fcomments&post=13"}],"version-history":[{"count":2,"href":"https:\/\/www.raychacon.com\/index.php?rest_route=\/wp\/v2\/pages\/13\/revisions"}],"predecessor-version":[{"id":1860,"href":"https:\/\/www.raychacon.com\/index.php?rest_route=\/wp\/v2\/pages\/13\/revisions\/1860"}],"wp:attachment":[{"href":"https:\/\/www.raychacon.com\/index.php?rest_route=%2Fwp%2Fv2%2Fmedia&parent=13"}],"curies":[{"name":"wp","href":"https:\/\/api.w.org\/{rel}","templated":true}]}}